{"id":2,"date":"2018-07-06T13:52:28","date_gmt":"2018-07-06T13:52:28","guid":{"rendered":"http:\/\/seguridadprivadaforza.com\/?page_id=2"},"modified":"2018-07-30T18:39:08","modified_gmt":"2018-07-30T18:39:08","slug":"pagina-ejemplo","status":"publish","type":"page","link":"https:\/\/seguridadprivadaforza.com\/","title":{"rendered":"INICIO"},"content":{"rendered":"<p><img loading=\"lazy\" width=\"1024\" height=\"454\" src=\"https:\/\/seguridadprivadaforza.com\/wp-content\/uploads\/2018\/07\/logo-legal-png-1024x454.png\" alt=\"\" srcset=\"https:\/\/seguridadprivadaforza.com\/wp-content\/uploads\/2018\/07\/logo-legal-png-1024x454.png 1024w, https:\/\/seguridadprivadaforza.com\/wp-content\/uploads\/2018\/07\/logo-legal-png-300x133.png 300w, https:\/\/seguridadprivadaforza.com\/wp-content\/uploads\/2018\/07\/logo-legal-png-768x341.png 768w, https:\/\/seguridadprivadaforza.com\/wp-content\/uploads\/2018\/07\/logo-legal-png-1080x479.png 1080w, https:\/\/seguridadprivadaforza.com\/wp-content\/uploads\/2018\/07\/logo-legal-png.png 1276w\" sizes=\"(max-width: 1024px) 100vw, 1024px\" \/>\t\t\t\t\t\t\t\t\t\t\t<\/p>\n<p>\u00abTu protecci\u00f3n, nuestra misi\u00f3n, t\u00fa tranquilidad, nuestro compromiso\u00bb<\/p>\n<h2>SEGURIDAD<\/h2>\n<p style=\"text-align: center;\">Ofrecemos el mejor servicio de Seguridad Privada en el estado, siendo l\u00edderes en el sector.\u00a0<\/p>\n<p style=\"text-align: center;\">Adem\u00e1s de contar con la infraestructura para satisfacer todas las necesidades de nuestros diferentes clientes.<\/p>\n<p>\t\t\t\t\t\t\t\t\t\t<img loading=\"lazy\" width=\"1024\" height=\"576\" src=\"https:\/\/seguridadprivadaforza.com\/wp-content\/uploads\/2018\/07\/Diapositiva2-1-1024x576.jpg\" alt=\"\" srcset=\"https:\/\/seguridadprivadaforza.com\/wp-content\/uploads\/2018\/07\/Diapositiva2-1-1024x576.jpg 1024w, https:\/\/seguridadprivadaforza.com\/wp-content\/uploads\/2018\/07\/Diapositiva2-1-300x169.jpg 300w, https:\/\/seguridadprivadaforza.com\/wp-content\/uploads\/2018\/07\/Diapositiva2-1-768x432.jpg 768w, https:\/\/seguridadprivadaforza.com\/wp-content\/uploads\/2018\/07\/Diapositiva2-1-1080x608.jpg 1080w, https:\/\/seguridadprivadaforza.com\/wp-content\/uploads\/2018\/07\/Diapositiva2-1.jpg 1280w\" sizes=\"(max-width: 1024px) 100vw, 1024px\" \/>\t\t\t\t\t\t\t\t\t\t\t<\/p>\n<h2>VANGUARDIA<\/h2>\n<p style=\"text-align: center;\">La inseguridad cada vez es mayor en el pa\u00eds, as\u00ed que nos estamos\u00a0 actualizando constantemente en tecnolog\u00eda y procesos.<\/p>\n<p style=\"text-align: center;\">Contamos con la mejor tecnolog\u00eda de comunicaci\u00f3n, seguridad, vigilancia y rastreo, que existe en el mercado.<\/p>\n<p>\t\t\t\t\t\t\t\t\t\t<img loading=\"lazy\" width=\"1024\" height=\"576\" src=\"https:\/\/seguridadprivadaforza.com\/wp-content\/uploads\/2018\/07\/Diapositiva1-1-1024x576.jpg\" alt=\"\" srcset=\"https:\/\/seguridadprivadaforza.com\/wp-content\/uploads\/2018\/07\/Diapositiva1-1-1024x576.jpg 1024w, https:\/\/seguridadprivadaforza.com\/wp-content\/uploads\/2018\/07\/Diapositiva1-1-300x169.jpg 300w, https:\/\/seguridadprivadaforza.com\/wp-content\/uploads\/2018\/07\/Diapositiva1-1-768x432.jpg 768w, https:\/\/seguridadprivadaforza.com\/wp-content\/uploads\/2018\/07\/Diapositiva1-1-1080x608.jpg 1080w, https:\/\/seguridadprivadaforza.com\/wp-content\/uploads\/2018\/07\/Diapositiva1-1.jpg 1280w\" sizes=\"(max-width: 1024px) 100vw, 1024px\" \/>\t\t\t\t\t\t\t\t\t\t\t<\/p>\n<h2>SOPORTE 24\/7<\/h2>\n<p style=\"text-align: center;\">El error de muchas empresas es la falta de comunicaci\u00f3n, aqu\u00ed tendr\u00e1s l\u00ednea abierta las 24 horas del d\u00eda los 7 d\u00edas de la semana.<\/p>\n<p style=\"text-align: center;\">Estaremos al pendiente de tu bienestar y el de tus bienes los 365 d\u00edas del a\u00f1o.\u00a0 \u00a0\u00a0<\/p>\n<p>\t\t\t\t\t\t\t\t\t\t<img loading=\"lazy\" width=\"1024\" height=\"576\" src=\"https:\/\/seguridadprivadaforza.com\/wp-content\/uploads\/2018\/07\/Diapositiva3-1-1024x576.jpg\" alt=\"\" srcset=\"https:\/\/seguridadprivadaforza.com\/wp-content\/uploads\/2018\/07\/Diapositiva3-1-1024x576.jpg 1024w, https:\/\/seguridadprivadaforza.com\/wp-content\/uploads\/2018\/07\/Diapositiva3-1-300x169.jpg 300w, https:\/\/seguridadprivadaforza.com\/wp-content\/uploads\/2018\/07\/Diapositiva3-1-768x432.jpg 768w, https:\/\/seguridadprivadaforza.com\/wp-content\/uploads\/2018\/07\/Diapositiva3-1-1080x608.jpg 1080w, https:\/\/seguridadprivadaforza.com\/wp-content\/uploads\/2018\/07\/Diapositiva3-1.jpg 1280w\" sizes=\"(max-width: 1024px) 100vw, 1024px\" \/>\t\t\t\t\t\t\t\t\t\t\t<\/p>\n<h2>EXPERIENCIA<\/h2>\n<p style=\"text-align: center;\">Gracias a la eficacia y capacidad de nuestros elementos, se han evitado percances y situaciones fatales para nuestros clientes.<\/p>\n<p style=\"text-align: center;\">Ya\u00a0 contamos con 4 a\u00f1os de experiencia que nos avalan y respaldan.\u00a0<\/p>\n<p>\t\t\t\t\t\t\t\t\t\t<img loading=\"lazy\" width=\"1024\" height=\"576\" src=\"https:\/\/seguridadprivadaforza.com\/wp-content\/uploads\/2018\/07\/Diapositiva4-1-1024x576.jpg\" alt=\"\" srcset=\"https:\/\/seguridadprivadaforza.com\/wp-content\/uploads\/2018\/07\/Diapositiva4-1-1024x576.jpg 1024w, https:\/\/seguridadprivadaforza.com\/wp-content\/uploads\/2018\/07\/Diapositiva4-1-300x169.jpg 300w, https:\/\/seguridadprivadaforza.com\/wp-content\/uploads\/2018\/07\/Diapositiva4-1-768x432.jpg 768w, https:\/\/seguridadprivadaforza.com\/wp-content\/uploads\/2018\/07\/Diapositiva4-1-1080x608.jpg 1080w, https:\/\/seguridadprivadaforza.com\/wp-content\/uploads\/2018\/07\/Diapositiva4-1.jpg 1280w\" sizes=\"(max-width: 1024px) 100vw, 1024px\" \/>\t\t\t\t\t\t\t\t\t\t\t<\/p>\n<h2>\u00bfQui\u00e9nes Somos?<\/h2>\n<p>\t\t\t\t\t\t\tSomos una empresa que se creo hace cuatro a\u00f1os en el estado de Jalisco, con la finalidad de ofrecer un servicio de protecci\u00f3n y resguardo de bienes, al detectar el gran problema de inseguridad que se presenta hoy en d\u00eda.  <\/p>\n<p>FORZA es una empresa l\u00edder en la seguridad privada ya que tenemos la capacidad de cubrir todas las necesidades de nuestros clientes y siempre mantenemos nuestros costos accesibles.<br \/>\n\t\t\t\t\t\t\t<img loading=\"lazy\" width=\"476\" height=\"488\" src=\"https:\/\/seguridadprivadaforza.com\/wp-content\/uploads\/2018\/07\/circulo-forza.png\" alt=\"\" srcset=\"https:\/\/seguridadprivadaforza.com\/wp-content\/uploads\/2018\/07\/circulo-forza.png 476w, https:\/\/seguridadprivadaforza.com\/wp-content\/uploads\/2018\/07\/circulo-forza-293x300.png 293w\" sizes=\"(max-width: 476px) 100vw, 476px\" \/><br \/>\n\t\t\t\t\t\t\t\t\t\t\t\t\tFORZA<\/p>\n<h3>nUESTRA MISI\u00d3N<\/h3>\n<h3>Brindar el mejor servicio de seguridad a nuestros clientes, utilizando para ello el mejor equipo humano y tecnol\u00f3gico, estando siempre a la vanguardia, logrando ofrecer calidad y excelencia en nuestro servicio.<\/h3>\n<figure><img src=\"https:\/\/seguridadprivadaforza.com\/wp-content\/uploads\/2018\/07\/b4944a4ef37b20a565f6bb7756a5d9bf-e1531767971180.jpg\" alt=\"b4944a4ef37b20a565f6bb7756a5d9bf\" \/><\/figure>\n<h3>NUESTRA VISI\u00d3N<\/h3>\n<h3>Consolidarnos como la mejor y m\u00e1s grande empresa de seguridad, logr\u00e1ndolo con la eficiencia del factor humano y optimizaci\u00f3n de los recursos para lograr el liderazgo en el mercado.<\/h3>\n<h2>SERVICIOS<\/h2>\n<h3>FORZA Seguridad Privada es una empresa vers\u00e1til y socialmente comprometida con nuestros clientes, prestando servicio a distintos tipos de negocios y centros habitacionales. Cubriendo todas sus necesidades y ajustandonos a sus presupuestos.<\/h3>\n<figure><img src=\"https:\/\/seguridadprivadaforza.com\/wp-content\/uploads\/elementor\/thumbs\/Diapositiva1-nt10t7x3rpsfx8fe5f53uki0za44u6wl214ht35nlw.jpg\" alt=\"Diapositiva1\" \/><\/figure>\n<figure><img src=\"https:\/\/seguridadprivadaforza.com\/wp-content\/uploads\/elementor\/thumbs\/Diapositiva2-nt10t8uxyjtq8ue0zxjqf29hknzi1w0be5rzad49fo.jpg\" alt=\"Diapositiva2\" \/><\/figure>\n<figure><img src=\"https:\/\/seguridadprivadaforza.com\/wp-content\/uploads\/elementor\/thumbs\/Diapositiva3-nt10t9ss5dv0kgcnufyczk0y61uv9l41qafgrn2v9g.jpg\" alt=\"Diapositiva3\" \/><\/figure>\n<figure><img src=\"https:\/\/seguridadprivadaforza.com\/wp-content\/uploads\/elementor\/thumbs\/Diapositiva4-nt10taqmc7waw2baoyczk1serfq8ha7s2f2y8x1h38.jpg\" alt=\"Diapositiva4\" \/><\/figure>\n<figure><img src=\"https:\/\/seguridadprivadaforza.com\/wp-content\/uploads\/elementor\/thumbs\/Diapositiva5-nt10tbogj1xl7o9xjgrm4jjvctllozbiejqfq702x0.jpg\" alt=\"Diapositiva5\" \/><\/figure>\n<figure><img src=\"https:\/\/seguridadprivadaforza.com\/wp-content\/uploads\/elementor\/thumbs\/Diapositiva6-nt10tcmapvyvja8kdz68p1bby7gywof8qodx7gyoqs.jpg\" alt=\"Diapositiva6\" \/><\/figure>\n<figure><img src=\"https:\/\/seguridadprivadaforza.com\/wp-content\/uploads\/elementor\/thumbs\/Diapositiva7-nt10tdk4wq05uw778hkv9j2sjlcc4diz2t1eoqxakk.jpg\" alt=\"Diapositiva7\" \/><\/figure>\n<figure><img src=\"https:\/\/seguridadprivadaforza.com\/wp-content\/uploads\/elementor\/thumbs\/Diapositiva8-nt10tehz3k1g6i5u2zzhu0u94z7pc2mpexow60vwec.jpg\" alt=\"Diapositiva8\" \/><\/figure>\n<figure><img src=\"https:\/\/seguridadprivadaforza.com\/wp-content\/uploads\/elementor\/thumbs\/Diapositiva9-nt10tfftae2qi44gxie4eilpqd32jrqfr2cdnaui84.jpg\" alt=\"Diapositiva9\" \/><\/figure>\n<p>\t\t\t<a href=\"https:\/\/api.whatsapp.com\/send?phone=523310702857&amp;text=Quiero mas informes de como contratar los servicios de seguridad privada\" role=\"button\"><br \/>\n\t\t\t\t\t\t+ INFORMACI\u00d3N<br \/>\n\t\t\t\t\t<\/a><\/p>\n<figure><img src=\"https:\/\/seguridadprivadaforza.com\/wp-content\/uploads\/2018\/07\/cesp-150x150.png\" alt=\"cesp\" \/><\/figure>\n<figure><img src=\"https:\/\/seguridadprivadaforza.com\/wp-content\/uploads\/2018\/07\/segob-150x150.jpg\" alt=\"segob\" \/><\/figure>\n<h2>CONTACTO<\/h2>\n<h1>Forza Zapopan<\/h1>\n<p>\t\t\t\t\t\t\t\t\t\t\t\tDOMICILIO\t\t\t\t\t<\/p>\n<p>Aureli\u00f3 Ortega 455_13-B, Col. El Capullo, C.P. 45150, Zapopan, Jal.<\/p>\n<p>A dos cuadras del Hospital psiqui\u00e1trico San Juan de Dios.<\/p>\n<p>\t\t\t\t\t\t\t\t\t\t\t\tTEL\u00c9FONO\t\t\t\t\t<\/p>\n<p style=\"text-align: center;\">24 &#8211; 10 &#8211; 73 &#8211; 88<\/p>\n<p>\t\t\t\t\t\t\t\t\t\t\t\tCORREO\t\t\t\t\t<\/p>\n<p style=\"text-align: center;\">seguridadforza@hotmail.com<\/p>\n<p>\t\t\t<iframe frameborder=\"0\" scrolling=\"no\" marginheight=\"0\" marginwidth=\"0\" src=\"https:\/\/maps.google.com\/maps?q=Aureli%C3%B3%20Ortega%20455_13-B%2C%20Col.%20El%20Capullo%2C%20C.P.%2045150%2C%20Zapopan%2C%20Jal.&amp;t=m&amp;z=15&amp;output=embed&amp;iwloc=near\" aria-label=\"Aureli\u00f3 Ortega 455_13-B, Col. El Capullo, C.P. 45150, Zapopan, Jal.\"><\/iframe>\t\t<\/p>\n<h1>Forza Tlajomulco<\/h1>\n<p>\t\t\t\t\t\t\t\t\t\t\t\tDOMICILIO\t\t\t\t\t<\/p>\n<p>Av. Camino Real a Colima 220-A, Col. Los Gavilanes, C.P. 45640, Tlajomulco de Zu\u00f1iga.<\/p>\n<p>A dos cuadras de la plaza Punto Galicia.\u00a0<\/p>\n<p>\t\t\t\t\t\t\t\t\t\t\t\tTEL\u00c9FONO\t\t\t\t\t<\/p>\n<p style=\"text-align: center;\">33 &#8211; 14 &#8211; 68 -96 &#8211; 85<\/p>\n<p>\t\t\t\t\t\t\t\t\t\t\t\tCORREO\t\t\t\t\t<\/p>\n<p style=\"text-align: center;\">seguridadforza@hotmail.com<\/p>\n<p>\t\t\t<iframe frameborder=\"0\" scrolling=\"no\" marginheight=\"0\" marginwidth=\"0\" src=\"https:\/\/maps.google.com\/maps?q=Camino%20Real%20de%20Colima%20220%2C%20Los%20Gavilanes%2C%2045640%20Los%20Gavilanes%2C%20Jal.&amp;t=m&amp;z=14&amp;output=embed&amp;iwloc=near\" aria-label=\"Camino Real de Colima 220, Los Gavilanes, 45640 Los Gavilanes, Jal.\"><\/iframe>\t\t<\/p>\n<h3>Elaborado por: FORZA Seguridad Privada 2018. Derechos reservados.<\/h3>\n","protected":false},"excerpt":{"rendered":"<p>\u00abTu protecci\u00f3n, nuestra misi\u00f3n, t\u00fa tranquilidad, nuestro compromiso\u00bb SEGURIDAD Ofrecemos el mejor servicio de Seguridad Privada en el estado, siendo l\u00edderes en el sector.\u00a0 Adem\u00e1s de contar con la infraestructura para satisfacer todas las necesidades de nuestros diferentes clientes. VANGUARDIA La inseguridad cada vez es mayor en el pa\u00eds, as\u00ed que nos estamos\u00a0 actualizando constantemente [&hellip;]<\/p>\n","protected":false},"author":3,"featured_media":0,"parent":0,"menu_order":0,"comment_status":"closed","ping_status":"open","template":"elementor_header_footer","meta":[],"_links":{"self":[{"href":"https:\/\/seguridadprivadaforza.com\/index.php?rest_route=\/wp\/v2\/pages\/2"}],"collection":[{"href":"https:\/\/seguridadprivadaforza.com\/index.php?rest_route=\/wp\/v2\/pages"}],"about":[{"href":"https:\/\/seguridadprivadaforza.com\/index.php?rest_route=\/wp\/v2\/types\/page"}],"author":[{"embeddable":true,"href":"https:\/\/seguridadprivadaforza.com\/index.php?rest_route=\/wp\/v2\/users\/3"}],"replies":[{"embeddable":true,"href":"https:\/\/seguridadprivadaforza.com\/index.php?rest_route=%2Fwp%2Fv2%2Fcomments&post=2"}],"version-history":[{"count":45,"href":"https:\/\/seguridadprivadaforza.com\/index.php?rest_route=\/wp\/v2\/pages\/2\/revisions"}],"predecessor-version":[{"id":197,"href":"https:\/\/seguridadprivadaforza.com\/index.php?rest_route=\/wp\/v2\/pages\/2\/revisions\/197"}],"wp:attachment":[{"href":"https:\/\/seguridadprivadaforza.com\/index.php?rest_route=%2Fwp%2Fv2%2Fmedia&parent=2"}],"curies":[{"name":"wp","href":"https:\/\/api.w.org\/{rel}","templated":true}]}}